{"id":179,"date":"2022-01-13T20:03:53","date_gmt":"2022-01-13T20:03:53","guid":{"rendered":"https:\/\/www.ula.dev.cc\/?page_id=179"},"modified":"2022-01-13T20:03:53","modified_gmt":"2022-01-13T20:03:53","slug":"spanish","status":"publish","type":"page","link":"https:\/\/flhealthsource.gov\/ula\/spanish\/","title":{"rendered":"Qu\u00e9 Buscar"},"content":{"rendered":"\n<div class=\"row \">\n<div class=\"col\">\n<nav class=\"navbar navbar-expand-lg navbar-light\" aria-label=\"Tenth navbar example\">\n<div class=\"container-fluid\">\n<div class=\"collapse navbar-collapse justify-content-md-center\" id=\"navbarsExample08\">\n<ul class=\"navbar-nav display-6\">\n<li class=\"nav-item\">\n                            <a class=\"nav-link text-info\" href=\"#unlicensed-providers\">Qu\u00e9 observar<\/a>\n                        <\/li>\n<li class=\"nav-item\">\n                            <a class=\"nav-link text-info\" href=\"#licensed-providers\">Proveedores autorizados <\/a>\n                        <\/li>\n<li class=\"nav-item\">\n                            <a class=\"nav-link text-info\" href=\"#human-trafficking\">Trata de personas<\/a>\n                        <\/li>\n<\/ul><\/div>\n<\/nav><\/div>\n<\/p><\/div>\n<div class=\"col p-4\">\n<h3 class=\"display-5 text-secondary\" id=\"unlicensed-providers\">Qu\u00e9 observar<\/h3>\n<div class=\"col d-flex flex-row align-items-stert\">\n<div class=\"divider\"><\/div>\n<\/p><\/div>\n<p>La \u00fanica manera de saber si un proveedor est\u00e1 autorizado es verificar su licencia. Es una buena pr\u00e1ctica verificar a cada proveedor a trav\u00e9s del portal de verificaci\u00f3n de licencias del Departamento de Salud de Florida.<\/p>\n<p>Los signos de alerta que se deben observar cuando se reciben servicios son los siguientes:<\/p>\n<h4>Proveedores no autorizados <\/h4>\n<ul>\n<li>Atienden en una casa o un garaje.<\/li>\n<li>Aceptan solo dinero en efectivo, no aceptan seguro.<\/li>\n<li>Fuiste referido por un \u201camigo de un amigo\u201d.<\/li>\n<li>Los procedimientos m\u00e9dicos frecuentemente se realizan en una instalaci\u00f3n no convencional (casa, garaje, etc.).<\/li>\n<li>Realizan poca publicidad o la cartelera parece ser temporal.<\/li>\n<li>No tienen sitio web ni hacen publicidad en l\u00ednea.<\/li>\n<li>Los suministros y\/o equipos m\u00e9dicos faltan o fallan.<\/li>\n<li>Se utilizan art\u00edculos comunes del hogar (p. ej., suministros de ferreter\u00edas).<\/li>\n<li>No se ve ninguna licencia colgada en la pared, no hay certificados o t\u00edtulos, el personal es evasivo cuando se les pregunta sobre licencias, certificaciones o inspecciones.<\/li>\n<li>El proveedor utiliza p\u00e1ginas web desagradables para hacer publicidad o p\u00e1ginas web conocidas por la publicidad de acompa\u00f1antes.<\/li>\n<li>El personal del consultorio no cuenta con vestimenta profesional.<\/li>\n<li>Atienden personas sin autorizaci\u00f3n cuando no est\u00e1 el m\u00e9dico, un enfermero certificado para ejercer medicina o el ayudante del m\u00e9dico.<\/li>\n<li>Los centros quir\u00fargicos pueden tener ayudantes de cirug\u00eda en lugar de un m\u00e9dico.<\/li>\n<li>Proveedores de servicios dentales que acuden a usted o practican desde su casa o garaje.<\/li>\n<li>Proveedores de servicios dentales que usan un equipo odontol\u00f3gico port\u00e1til.<\/li>\n<li>Un proveedor que frecuentemente hace visitas a domicilio.<\/li>\n<li>Farmacias que no cuentan con un farmac\u00e9utico autorizado entre el personal (inf\u00f3rmelo a la l\u00ednea directa de inmediato).<\/li>\n<li>Proveedores que muestran licencias falsas o licencias de otros estados; las licencias deben de ser emitidas por el Departamento de Salud de Florida.<\/li>\n<\/ul>\n<p>Si ve alguna de estas alertas, rep\u00f3rtalos llamando al 877-HALT-ULA (877-425-8852), o por correo electr\u00f3nico a HALTULA@FLHEALTH.GOV.<\/p>\n<h3 class=\"display-5 text-secondary\" id=\"licensed-providers\">Proveedores autorizados<\/h3>\n<div class=\"col d-flex flex-row align-items-stert\">\n<div class=\"divider\"><\/div>\n<\/p><\/div>\n<ul>\n<li>Cuentan con un consultorio f\u00edsico en un lugar dividido de manera correcta para los servicios brindados.<\/li>\n<li>Se muestran licencias y certificados v\u00e1lidos (no vencidos).<\/li>\n<li>El consultorio se publica en lugares respetables o tiene su propio sitio web.<\/li>\n<li>El establecimiento est\u00e1 limpio y desinfectado.<\/li>\n<li>Se respetan las pol\u00edticas o los procedimientos de cuidados de la salud.<\/li>\n<li>El proveedor acepta seguro.<\/li>\n<li>La Declaraci\u00f3n de derechos y responsabilidades del paciente de Florida se proporciona a pedido en virtud del F.S. 381.026 para las profesiones aplicables.<\/li>\n<\/ul>\n<h3 class=\"display-5 text-secondary\" id=\"human-trafficking\">Trata de personas<\/h3>\n<div class=\"col d-flex flex-row align-items-stert\">\n<div class=\"divider\"><\/div>\n<\/p><\/div>\n<p>Preste atenci\u00f3n a la posible trata de personas si ve lo siguiente:<\/p>\n<ul>\n<li>Viviendo en el lugar de trabajo (catres o dormitorios, ni\u00f1os jugando durante jornadas escolares normales, excesiva cantidad de ropa sucia que no se relaciona con las operaciones de la instalaci\u00f3n).<\/li>\n<li>Condiciones de vida precarias.<\/li>\n<li>Muchas personas en un espacio estrecho.<\/li>\n<li>Una cocina en el establecimiento.<\/li>\n<li>Maletas visibles.<\/li>\n<li>Trabajadores sin transporte personal.<\/li>\n<li>Incapacidad de hablar con la persona a solas.<\/li>\n<li>Las respuestas parecen ser planeadas y ensayadas.<\/li>\n<li>El empleador conserva los documentos de identidad.<\/li>\n<li>Signos de abuso f\u00edsico.<\/li>\n<li>Personas sumisas o con miedo.<\/li>\n<li>No reciben pago o reciben muy poco.<\/li>\n<li>Est\u00e1n involucradas en prostituci\u00f3n.<\/li>\n<\/ul>\n<p><strong>Si sospecha de la trata de personas, denuncie y con\u00e9ctese con los servicios contra la trata de personas en su \u00e1rea; o bien solicitar capacitaci\u00f3n y asistencia t\u00e9cnica, informaci\u00f3n general o recursos espec\u00edficos contra la trata de personas llamando al Centro Nacional de Recursos sobre Trata de Personas (National Human Trafficking Resource Center) al 1-888-373-7888.<\/strong><\/p>\n<p>Tambi\u00e9n puede alertar al Departamento a trav\u00e9s del tel\u00e9fono 877-HALT-ULA (877-425-8852), correo electr\u00f3nico: <a href=\"mailto:HALTULA@FLHEALTH.GOV\">HALTULA@FLHEALTH.GOV<\/a>, la l\u00ednea directa o mediante el formulario de quejas en l\u00ednea. Para obtener m\u00e1s informaci\u00f3n, visite <a href=\"https:\/\/www.dhs.gov\/blue-campaign\" title=\"Department of Homeland Security Blue Campaign\" target=\"_blank\" rel=\"noopener\"> DHS Blue Campaign<\/a>.<\/p>\n<\/p><\/div>\n","protected":false},"excerpt":{"rendered":"<p>La actividad m\u00e9dica no autorizada es com\u00fan en Florida. La siguiente informaci\u00f3n se trata de qu\u00e9 observar, c\u00f3mo verificar una licencia y c\u00f3mo denunciar a una persona no autorizada.<\/p>\n","protected":false},"author":8,"featured_media":0,"parent":0,"menu_order":0,"comment_status":"closed","ping_status":"closed","template":"","meta":{"_monsterinsights_skip_tracking":false,"_monsterinsights_sitenote_active":false,"_monsterinsights_sitenote_note":"","_monsterinsights_sitenote_category":0,"footnotes":""},"class_list":["post-179","page","type-page","status-publish","hentry"],"_links":{"self":[{"href":"https:\/\/flhealthsource.gov\/ula\/wp-json\/wp\/v2\/pages\/179","targetHints":{"allow":["GET"]}}],"collection":[{"href":"https:\/\/flhealthsource.gov\/ula\/wp-json\/wp\/v2\/pages"}],"about":[{"href":"https:\/\/flhealthsource.gov\/ula\/wp-json\/wp\/v2\/types\/page"}],"author":[{"embeddable":true,"href":"https:\/\/flhealthsource.gov\/ula\/wp-json\/wp\/v2\/users\/8"}],"replies":[{"embeddable":true,"href":"https:\/\/flhealthsource.gov\/ula\/wp-json\/wp\/v2\/comments?post=179"}],"version-history":[{"count":0,"href":"https:\/\/flhealthsource.gov\/ula\/wp-json\/wp\/v2\/pages\/179\/revisions"}],"wp:attachment":[{"href":"https:\/\/flhealthsource.gov\/ula\/wp-json\/wp\/v2\/media?parent=179"}],"curies":[{"name":"wp","href":"https:\/\/api.w.org\/{rel}","templated":true}]}}